{"id":3716,"date":"2022-09-14T13:41:37","date_gmt":"2022-09-14T13:41:37","guid":{"rendered":"https:\/\/impactonyouth.eu\/user-register\/"},"modified":"2022-11-24T17:08:36","modified_gmt":"2022-11-24T17:08:36","slug":"cadastro-de-usuario","status":"publish","type":"page","link":"https:\/\/impactonyouth.eu\/pt-pt\/cadastro-de-usuario\/","title":{"rendered":"Cadastro de usu\u00e1rio"},"content":{"rendered":"\t\t<div data-elementor-type=\"wp-page\" data-elementor-id=\"3716\" class=\"elementor elementor-3716 elementor-1054\" data-elementor-post-type=\"page\">\n\t\t\t\t\t\t<section class=\"elementor-section elementor-top-section elementor-element elementor-element-65b0ad27 elementor-section-boxed elementor-section-height-default elementor-section-height-default\" data-id=\"65b0ad27\" data-element_type=\"section\" data-e-type=\"section\">\n\t\t\t\t\t\t<div class=\"elementor-container elementor-column-gap-default\">\n\t\t\t\t\t<div class=\"elementor-column elementor-col-100 elementor-top-column elementor-element elementor-element-452b5c8b\" data-id=\"452b5c8b\" data-element_type=\"column\" data-e-type=\"column\">\n\t\t\t<div class=\"elementor-widget-wrap elementor-element-populated\">\n\t\t\t\t\t\t<div class=\"elementor-element elementor-element-6b17c8bc elementor-widget elementor-widget-text-editor\" data-id=\"6b17c8bc\" data-element_type=\"widget\" data-e-type=\"widget\" data-widget_type=\"text-editor.default\">\n\t\t\t\t<div class=\"elementor-widget-container\">\n\t\t\t\t\t\t\t\t\t<p><div class=\"frm_forms  with_frm_style frm_style_formidable-style\" id=\"frm_form_86_container\" data-token=\"03a62f8ce2645db79636ec49c15077e6\">\n<form enctype=\"multipart\/form-data\" method=\"post\" class=\"frm-show-form  frm_pro_form \" id=\"form_user-registration23\" data-token=\"03a62f8ce2645db79636ec49c15077e6\">\n<div class=\"frm_form_fields \">\n<fieldset>\n<legend class=\"frm_hidden\">PT User Registration<\/legend>\r\n\r\n<div class=\"frm_fields_container\">\n<input type=\"hidden\" name=\"frm_action\" value=\"create\" \/>\n<input type=\"hidden\" name=\"form_id\" value=\"86\" \/>\n<input type=\"hidden\" name=\"frm_hide_fields_86\" id=\"frm_hide_fields_86\" value=\"\" \/>\n<input type=\"hidden\" name=\"form_key\" value=\"user-registration23\" \/>\n<input type=\"hidden\" name=\"item_meta[0]\" value=\"\" \/>\n<input type=\"hidden\" id=\"frm_submit_entry_86\" name=\"frm_submit_entry_86\" value=\"764691485e\" \/><input type=\"hidden\" name=\"_wp_http_referer\" value=\"\/pt-pt\/wp-json\/wp\/v2\/pages\/3716\" \/><div id=\"frm_field_3673_container\" class=\"frm_form_field  frm_html_container form-field\">\n<p>\u00c9 muito bem-vindo ao simples processo de registo para aceder ao nosso IMPACTO PARA JOVENS 15 Auto-avalia\u00e7\u00f5es Empresariais Online GRATUITAS. Vamos come\u00e7ar, os passos s\u00e3o f\u00e1ceis!<\/p>\n<p>Partilhe o seu e-mail, crie um nome de utilizador e uma palavra-passe, e est\u00e1 pronto para come\u00e7ar. Os resultados da sua avalia\u00e7\u00e3o ser-lhe-\u00e3o enviados por e-mail.<\/p>\n<p>Por favor, certifique-se de verificar a sec\u00e7\u00e3o de <strong>Lixo Electr\u00f3nico dos seus emails (s\u00f3 por precau\u00e7\u00e3o), e adicione-nos \u00e0 sua lista de remetentes seguros.<\/strong><\/p>\n<p>*Se estiver a completar a Avalia\u00e7\u00e3o atrav\u00e9s de um professor, partilhe o seu e-mail abaixo e eles tamb\u00e9m receber\u00e3o os seus resultados.<\/p>\n<p><em>Concebido para Jovens e Aspirantes a Empreendedores<\/em><\/p>\n<\/div>\n<div id=\"frm_field_3647_container\" class=\"frm_form_field form-field  frm_required_field frm_top_container frm_first frm_half frm_capitalize\">\r\n    <label for=\"field_o69jd43\" class=\"frm_primary_label\">Primeiro nome\r\n        <span class=\"frm_required\">*<\/span>\r\n    <\/label>\r\n    <input type=\"text\" id=\"field_o69jd43\" name=\"item_meta[3647]\" value=\"\"  data-reqmsg=\"Este campo n\u00e3o pode estar vazio.\" aria-required=\"true\" data-invmsg=\"Name is invalid\" aria-invalid=\"false\"  \/>\r\n    \r\n    \r\n<\/div>\n<div id=\"frm_field_3648_container\" class=\"frm_form_field form-field  frm_required_field frm_top_container frm_half frm_capitalize\">\r\n    <label for=\"field_l3dkc4\" class=\"frm_primary_label\">Sobrenome\r\n        <span class=\"frm_required\">*<\/span>\r\n    <\/label>\r\n    <input type=\"text\" id=\"field_l3dkc4\" name=\"item_meta[3648]\" value=\"\"  data-reqmsg=\"Este campo n\u00e3o pode estar vazio.\" aria-required=\"true\" data-invmsg=\"Last Name is invalid\" aria-invalid=\"false\"  \/>\r\n    \r\n    \r\n<\/div>\n<div id=\"frm_field_3649_container\" class=\"frm_form_field form-field  frm_required_field frm_top_container frm_first frm_full\">\r\n    <label for=\"field_xyrs933\" class=\"frm_primary_label\">Nome de usu\u00e1rio\r\n        <span class=\"frm_required\">*<\/span>\r\n    <\/label>\r\n    <input type=\"text\" id=\"field_xyrs933\" name=\"item_meta[3649]\" value=\"\"  maxlength=\"24\" data-reqmsg=\"Este campo n\u00e3o pode estar vazio.\" aria-required=\"true\" data-invmsg=\"nome de usu\u00e1rio Inv\u00e1lido\" aria-invalid=\"false\" pattern=\"([a-zA-Z0-9]{8,24})$\"   aria-describedby=\"frm_desc_field_xyrs933\"\/>\r\n    <div id=\"frm_desc_field_xyrs933\" class=\"frm_description\">Somente letras min\u00fasculas (a-z) e n\u00fameros (0-9) s\u00e3o permitidos.<\/div>\r\n    \r\n<\/div>\n<div id=\"frm_field_3652_container\" class=\"frm_form_field form-field  frm_required_field frm_top_container frm_first frm_half\">\r\n    <label for=\"field_1abwj33\" class=\"frm_primary_label\">Senha\r\n        <span class=\"frm_required\">*<\/span>\r\n    <\/label>\r\n    <input type=\"password\" id=\"field_1abwj33\" name=\"item_meta[3652]\" value=\"\"  data-reqmsg=\"Este campo n\u00e3o pode estar vazio.\" aria-required=\"true\" data-invmsg=\"Senha \u00e9 inv\u00e1lida\" aria-invalid=\"false\"   aria-describedby=\"frm_desc_field_1abwj33\"\/>\r\n    <div id=\"frm_desc_field_1abwj33\" class=\"frm_description\">Digite a senha<\/div>\r\n    \r\n<\/div>\n<div id=\"frm_field_conf_3652_container\" class=\"frm_form_field frm_hidden_container frm_conf_field form-field  frm_required_field frm_top_container  frm_half\">\r\n    <label for=\"field_conf_1abwj33\" class=\"frm_conf_label frm_primary_label\">Confirm Senha\r\n        <span class=\"frm_required\">*<\/span>\r\n    <\/label>\r\n    <input type=\"password\" id=\"field_conf_1abwj33\" name=\"item_meta[conf_3652]\" value=\"\"  data-reqmsg=\"Este campo n\u00e3o pode estar vazio.\" aria-required=\"true\" data-confmsg=\"Os valores inseridos n\u00e3o correspondem\" data-invmsg=\"Senha \u00e9 inv\u00e1lida\" aria-invalid=\"false\"   aria-describedby=\"frm_desc_field_conf_1abwj33\"\/>\r\n    <div id=\"frm_desc_field_conf_1abwj33\" class=\"frm_description\">Confirme a Senha<\/div>\r\n    \r\n<\/div>\n<div id=\"frm_field_3650_container\" class=\"frm_form_field form-field  frm_required_field frm_top_container frm_first frm_half\">\r\n    <label for=\"field_qulq133\" class=\"frm_primary_label\">Endere\u00e7o de email\r\n        <span class=\"frm_required\">*<\/span>\r\n    <\/label>\r\n    <input type=\"email\" id=\"field_qulq133\" name=\"item_meta[3650]\" value=\"\"  data-reqmsg=\"Este campo n\u00e3o pode estar vazio.\" aria-required=\"true\" data-invmsg=\"Endere\u00e7o de email inv\u00e1lido\" aria-invalid=\"false\"   aria-describedby=\"frm_desc_field_qulq133\"\/>\r\n    <div id=\"frm_desc_field_qulq133\" class=\"frm_description\">Digite seu email aqui<\/div>\r\n    \r\n<\/div>\n<div id=\"frm_field_conf_3650_container\" class=\"frm_form_field frm_hidden_container frm_conf_field form-field  frm_required_field frm_top_container  frm_half\">\r\n    <label for=\"field_conf_qulq133\" class=\"frm_conf_label frm_primary_label\">Confirm Endere\u00e7o de email\r\n        <span class=\"frm_required\">*<\/span>\r\n    <\/label>\r\n    <input type=\"email\" id=\"field_conf_qulq133\" name=\"item_meta[conf_3650]\" value=\"\"  data-reqmsg=\"Este campo n\u00e3o pode estar vazio.\" aria-required=\"true\" data-confmsg=\"Os valores inseridos n\u00e3o correspondem\" data-invmsg=\"Endere\u00e7o de email inv\u00e1lido\" aria-invalid=\"false\"   aria-describedby=\"frm_desc_field_conf_qulq133\"\/>\r\n    <div id=\"frm_desc_field_conf_qulq133\" class=\"frm_description\">Confirmar e-mail<\/div>\r\n    \r\n<\/div>\n<div id=\"frm_field_3667_container\" class=\"frm_form_field frm_section_heading form-field \">\r\n<h3 class=\"frm_pos_top\">Para Estudantes e Educadores<\/h3>\r\n<div id=\"frm_desc_field_ict3t\" class=\"frm_description frm_section_spacing\">Se estiver a utilizar a Ferramenta como parte de um exerc\u00edcio de sala de aula, por favor partilhe o endere\u00e7o electr\u00f3nico do seu professor para que os resultados possam ser partilhados com eles.<\/div>\r\n\r\n<\/div>\n<div id=\"frm_field_3651_container\" class=\"frm_form_field form-field  frm_top_container frm_first frm_half\">\r\n    <label for=\"field_8ylam3\" class=\"frm_primary_label\">Endere\u00e7o de e-mail do professor\r\n        <span class=\"frm_required\"><\/span>\r\n    <\/label>\r\n    <input type=\"email\" id=\"field_8ylam3\" name=\"item_meta[3651]\" value=\"\"  data-invmsg=\"Endere\u00e7o de email inv\u00e1lido\" aria-invalid=\"false\"   aria-describedby=\"frm_desc_field_8ylam3\"\/>\r\n    <div id=\"frm_desc_field_8ylam3\" class=\"frm_description\">Digite aqui o e-mail do seu professor<\/div>\r\n    \r\n<\/div>\n<div id=\"frm_field_conf_3651_container\" class=\"frm_form_field frm_hidden_container frm_conf_field form-field  frm_top_container  frm_half\">\r\n    <label for=\"field_conf_8ylam3\" class=\"frm_conf_label frm_primary_label\">Confirm Endere\u00e7o de e-mail do professor\r\n        <span class=\"frm_required\"><\/span>\r\n    <\/label>\r\n    <input type=\"email\" id=\"field_conf_8ylam3\" name=\"item_meta[conf_3651]\" value=\"\"  data-confmsg=\"Os valores inseridos n\u00e3o correspondem\" data-invmsg=\"Endere\u00e7o de email inv\u00e1lido\" aria-invalid=\"false\"   aria-describedby=\"frm_desc_field_conf_8ylam3\"\/>\r\n    <div id=\"frm_desc_field_conf_8ylam3\" class=\"frm_description\">Confirmar e-mail<\/div>\r\n    \r\n<\/div>\n<input type=\"hidden\" name=\"item_meta[3653]\" id=\"field_zah2u43\" value=\"\" data-frmval=\"\"\/>\n\t<input type=\"hidden\" name=\"item_key\" value=\"\" \/>\n\t\t\t<div id=\"frm_field_3674_container\">\n\t\t\t<label for=\"field_su318\" >\n\t\t\t\tIf you are human, leave this field blank.\t\t\t<\/label>\n\t\t\t<input  id=\"field_su318\" type=\"text\" class=\"frm_form_field form-field frm_verify\" name=\"item_meta[3674]\" value=\"\"  \/>\n\t\t<\/div>\n\t\t<input type=\"hidden\" name=\"frm_register[email]\" value=\"3650\"\/><input type=\"hidden\" name=\"frm_register[username]\" value=\"3649\"\/><input type=\"hidden\" name=\"frm_register[password]\" value=\"3652\"\/><input type=\"hidden\" name=\"frm_register[subsite_title]\" value=\"username\"\/><input type=\"hidden\" name=\"frm_register[subsite_domain]\" value=\"blog_title\"\/><input name=\"frm_state\" type=\"hidden\" value=\"4QqAPiArZzLHIT8BxFFGVergvI3cpCFf4g17zAw9760=\" \/><div class=\"frm_submit\">\r\n\r\n<button class=\"frm_button_submit frm_final_submit\" type=\"submit\"   formnovalidate=\"formnovalidate\">Registro<\/button>\r\n\r\n<\/div><\/div>\n<\/fieldset>\n<\/div>\n\n<p style=\"display: none !important;\" class=\"akismet-fields-container\" data-prefix=\"ak_\"><label>&#916;<textarea name=\"ak_hp_textarea\" cols=\"45\" rows=\"8\" maxlength=\"100\"><\/textarea><\/label><input type=\"hidden\" id=\"ak_js_1\" name=\"ak_js\" value=\"8\"\/><script>document.getElementById( \"ak_js_1\" ).setAttribute( \"value\", ( new Date() ).getTime() );<\/script><\/p><\/form>\n<\/div>\n<\/p>\t\t\t\t\t\t\t\t<\/div>\n\t\t\t\t<\/div>\n\t\t\t\t\t<\/div>\n\t\t<\/div>\n\t\t\t\t\t<\/div>\n\t\t<\/section>\n\t\t\t\t<\/div>\n\t\t","protected":false},"excerpt":{"rendered":"","protected":false},"author":1,"featured_media":0,"parent":0,"menu_order":0,"comment_status":"closed","ping_status":"closed","template":"elementor_header_footer","meta":{"site-sidebar-layout":"default","site-content-layout":"","ast-site-content-layout":"default","site-content-style":"default","site-sidebar-style":"default","ast-global-header-display":"","ast-banner-title-visibility":"","ast-main-header-display":"","ast-hfb-above-header-display":"","ast-hfb-below-header-display":"","ast-hfb-mobile-header-display":"","site-post-title":"","ast-breadcrumbs-content":"","ast-featured-img":"","footer-sml-layout":"","ast-disable-related-posts":"","theme-transparent-header-meta":"","adv-header-id-meta":"","stick-header-meta":"","header-above-stick-meta":"","header-main-stick-meta":"","header-below-stick-meta":"","astra-migrate-meta-layouts":"default","ast-page-background-enabled":"default","ast-page-background-meta":{"desktop":{"background-color":"","background-image":"","background-repeat":"repeat","background-position":"center center","background-size":"auto","background-attachment":"scroll","background-type":"","background-media":"","overlay-type":"","overlay-color":"","overlay-opacity":"","overlay-gradient":""},"tablet":{"background-color":"","background-image":"","background-repeat":"repeat","background-position":"center center","background-size":"auto","background-attachment":"scroll","background-type":"","background-media":"","overlay-type":"","overlay-color":"","overlay-opacity":"","overlay-gradient":""},"mobile":{"background-color":"","background-image":"","background-repeat":"repeat","background-position":"center center","background-size":"auto","background-attachment":"scroll","background-type":"","background-media":"","overlay-type":"","overlay-color":"","overlay-opacity":"","overlay-gradient":""}},"ast-content-background-meta":{"desktop":{"background-color":"var(--ast-global-color-5)","background-image":"","background-repeat":"repeat","background-position":"center center","background-size":"auto","background-attachment":"scroll","background-type":"","background-media":"","overlay-type":"","overlay-color":"","overlay-opacity":"","overlay-gradient":""},"tablet":{"background-color":"var(--ast-global-color-5)","background-image":"","background-repeat":"repeat","background-position":"center center","background-size":"auto","background-attachment":"scroll","background-type":"","background-media":"","overlay-type":"","overlay-color":"","overlay-opacity":"","overlay-gradient":""},"mobile":{"background-color":"var(--ast-global-color-5)","background-image":"","background-repeat":"repeat","background-position":"center center","background-size":"auto","background-attachment":"scroll","background-type":"","background-media":"","overlay-type":"","overlay-color":"","overlay-opacity":"","overlay-gradient":""}},"footnotes":""},"class_list":["post-3716","page","type-page","status-publish","hentry"],"_links":{"self":[{"href":"https:\/\/impactonyouth.eu\/pt-pt\/wp-json\/wp\/v2\/pages\/3716","targetHints":{"allow":["GET"]}}],"collection":[{"href":"https:\/\/impactonyouth.eu\/pt-pt\/wp-json\/wp\/v2\/pages"}],"about":[{"href":"https:\/\/impactonyouth.eu\/pt-pt\/wp-json\/wp\/v2\/types\/page"}],"author":[{"embeddable":true,"href":"https:\/\/impactonyouth.eu\/pt-pt\/wp-json\/wp\/v2\/users\/1"}],"replies":[{"embeddable":true,"href":"https:\/\/impactonyouth.eu\/pt-pt\/wp-json\/wp\/v2\/comments?post=3716"}],"version-history":[{"count":13,"href":"https:\/\/impactonyouth.eu\/pt-pt\/wp-json\/wp\/v2\/pages\/3716\/revisions"}],"predecessor-version":[{"id":4123,"href":"https:\/\/impactonyouth.eu\/pt-pt\/wp-json\/wp\/v2\/pages\/3716\/revisions\/4123"}],"wp:attachment":[{"href":"https:\/\/impactonyouth.eu\/pt-pt\/wp-json\/wp\/v2\/media?parent=3716"}],"curies":[{"name":"wp","href":"https:\/\/api.w.org\/{rel}","templated":true}]}}