{"id":3708,"date":"2022-09-14T13:41:37","date_gmt":"2022-09-14T13:41:37","guid":{"rendered":"https:\/\/impactonyouth.eu\/user-register\/"},"modified":"2022-11-25T14:23:34","modified_gmt":"2022-11-25T14:23:34","slug":"rejestracja-uzytkownika","status":"publish","type":"page","link":"https:\/\/impactonyouth.eu\/pl\/rejestracja-uzytkownika\/","title":{"rendered":"Rejestracja U\u017cytkownika"},"content":{"rendered":"\t\t<div data-elementor-type=\"wp-page\" data-elementor-id=\"3708\" class=\"elementor elementor-3708 elementor-1054\" data-elementor-post-type=\"page\">\n\t\t\t\t\t\t<section class=\"elementor-section elementor-top-section elementor-element elementor-element-65b0ad27 elementor-section-boxed elementor-section-height-default elementor-section-height-default\" data-id=\"65b0ad27\" data-element_type=\"section\" data-e-type=\"section\">\n\t\t\t\t\t\t<div class=\"elementor-container elementor-column-gap-default\">\n\t\t\t\t\t<div class=\"elementor-column elementor-col-100 elementor-top-column elementor-element elementor-element-452b5c8b\" data-id=\"452b5c8b\" data-element_type=\"column\" data-e-type=\"column\">\n\t\t\t<div class=\"elementor-widget-wrap elementor-element-populated\">\n\t\t\t\t\t\t<div class=\"elementor-element elementor-element-6b17c8bc elementor-widget elementor-widget-text-editor\" data-id=\"6b17c8bc\" data-element_type=\"widget\" data-e-type=\"widget\" data-widget_type=\"text-editor.default\">\n\t\t\t\t<div class=\"elementor-widget-container\">\n\t\t\t\t\t\t\t\t\t<p><div class=\"frm_forms  with_frm_style frm_style_formidable-style\" id=\"frm_form_85_container\" data-token=\"03a62f8ce2645db79636ec49c15077e6\">\n<form enctype=\"multipart\/form-data\" method=\"post\" class=\"frm-show-form  frm_pro_form \" id=\"form_user-registration22\" data-token=\"03a62f8ce2645db79636ec49c15077e6\">\n<div class=\"frm_form_fields \">\n<fieldset>\n<legend class=\"frm_hidden\">PO User Registration<\/legend>\r\n\r\n<div class=\"frm_fields_container\">\n<input type=\"hidden\" name=\"frm_action\" value=\"create\" \/>\n<input type=\"hidden\" name=\"form_id\" value=\"85\" \/>\n<input type=\"hidden\" name=\"frm_hide_fields_85\" id=\"frm_hide_fields_85\" value=\"\" \/>\n<input type=\"hidden\" name=\"form_key\" value=\"user-registration22\" \/>\n<input type=\"hidden\" name=\"item_meta[0]\" value=\"\" \/>\n<input type=\"hidden\" id=\"frm_submit_entry_85\" name=\"frm_submit_entry_85\" value=\"764691485e\" \/><input type=\"hidden\" name=\"_wp_http_referer\" value=\"\/pl\/wp-json\/wp\/v2\/pages\/3708\" \/><div id=\"frm_field_3672_container\" class=\"frm_form_field  frm_html_container form-field\">Zapraszamy do prostego procesu rejestracji, aby uzyska\u0107 dost\u0119p do naszej IMPACT for YOUTH 15 FREE Online Entrepreneurial Self Assessments. Zacznijmy, kroki s\u0105 proste!<\/p>\n<p>Podaj sw\u00f3j adres e-mail, utw\u00f3rz nazw\u0119 u\u017cytkownika i has\u0142o i jeste\u015b gotowy, aby zacz\u0105\u0107. Twoje Wyniki Oceny zostan\u0105 wys\u0142ane do Ciebie e-mailem.<\/p>\n<p><strong>Upewnij si\u0119, \u017ce sprawdzi\u0142e\u015b sekcj\u0119 &#8222;Wiadomo\u015bci-\u015bmieci&#8221; w swoim mailu (na wszelki wypadek) i dodaj nas do listy bezpiecznych nadawc\u00f3w.<\/strong><\/p>\n<p>*Je\u015bli wype\u0142niasz ocen\u0119 za po\u015brednictwem wychowawcy klasy, podaj jego e-mail poni\u017cej, a on r\u00f3wnie\u017c otrzyma Twoje wyniki.<\/p>\n<p><em>Zaprojektowany dla m\u0142odych i aspiruj\u0105cych przedsi\u0119biorc\u00f3w<\/em><\/div>\n<div id=\"frm_field_3640_container\" class=\"frm_form_field form-field  frm_required_field frm_top_container frm_first frm_half frm_capitalize\">\r\n    <label for=\"field_o69jd42\" class=\"frm_primary_label\">Imi\u0119\r\n        <span class=\"frm_required\">*<\/span>\r\n    <\/label>\r\n    <input type=\"text\" id=\"field_o69jd42\" name=\"item_meta[3640]\" value=\"\"  data-reqmsg=\"To pole nie mo\u017ce by\u0107 puste.\" aria-required=\"true\" data-invmsg=\"Name is invalid\" aria-invalid=\"false\"  \/>\r\n    \r\n    \r\n<\/div>\n<div id=\"frm_field_3641_container\" class=\"frm_form_field form-field  frm_required_field frm_top_container frm_half frm_capitalize\">\r\n    <label for=\"field_l3dkc3\" class=\"frm_primary_label\">Nazwisko\r\n        <span class=\"frm_required\">*<\/span>\r\n    <\/label>\r\n    <input type=\"text\" id=\"field_l3dkc3\" name=\"item_meta[3641]\" value=\"\"  data-reqmsg=\"To pole nie mo\u017ce by\u0107 puste.\" aria-required=\"true\" data-invmsg=\"Last Name is invalid\" aria-invalid=\"false\"  \/>\r\n    \r\n    \r\n<\/div>\n<div id=\"frm_field_3642_container\" class=\"frm_form_field form-field  frm_required_field frm_top_container frm_first frm_full\">\r\n    <label for=\"field_xyrs932\" class=\"frm_primary_label\">Nazwa u\u017cytkownika\r\n        <span class=\"frm_required\">*<\/span>\r\n    <\/label>\r\n    <input type=\"text\" id=\"field_xyrs932\" name=\"item_meta[3642]\" value=\"\"  maxlength=\"24\" data-reqmsg=\"To pole nie mo\u017ce by\u0107 puste.\" aria-required=\"true\" data-invmsg=\"Nazwa u\u017cytkownika jest niepoprawna\" aria-invalid=\"false\" pattern=\"([a-zA-Z0-9]{8,24})$\"   aria-describedby=\"frm_desc_field_xyrs932\"\/>\r\n    <div id=\"frm_desc_field_xyrs932\" class=\"frm_description\">Dozwolone s\u0105 tylko ma\u0142e litery (a-z) i cyfry (0-9).<\/div>\r\n    \r\n<\/div>\n<div id=\"frm_field_3645_container\" class=\"frm_form_field form-field  frm_required_field frm_top_container frm_first frm_half\">\r\n    <label for=\"field_1abwj32\" class=\"frm_primary_label\">Has\u0142o\r\n        <span class=\"frm_required\">*<\/span>\r\n    <\/label>\r\n    <input type=\"password\" id=\"field_1abwj32\" name=\"item_meta[3645]\" value=\"\"  data-reqmsg=\"To pole nie mo\u017ce by\u0107 puste.\" aria-required=\"true\" data-invmsg=\"Has\u0142o jest niew\u0142a\u015bciwe\" aria-invalid=\"false\"   aria-describedby=\"frm_desc_field_1abwj32\"\/>\r\n    <div id=\"frm_desc_field_1abwj32\" class=\"frm_description\">Wprowad\u017a has\u0142o<\/div>\r\n    \r\n<\/div>\n<div id=\"frm_field_conf_3645_container\" class=\"frm_form_field frm_hidden_container frm_conf_field form-field  frm_required_field frm_top_container  frm_half\">\r\n    <label for=\"field_conf_1abwj32\" class=\"frm_conf_label frm_primary_label\">Potwierd\u017a Has\u0142o\r\n        <span class=\"frm_required\">*<\/span>\r\n    <\/label>\r\n    <input type=\"password\" id=\"field_conf_1abwj32\" name=\"item_meta[conf_3645]\" value=\"\"  data-reqmsg=\"To pole nie mo\u017ce by\u0107 puste.\" aria-required=\"true\" data-confmsg=\"Wprowadzone warto\u015bci nie pasuj\u0105\" data-invmsg=\"Has\u0142o jest niew\u0142a\u015bciwe\" aria-invalid=\"false\"   aria-describedby=\"frm_desc_field_conf_1abwj32\"\/>\r\n    <div id=\"frm_desc_field_conf_1abwj32\" class=\"frm_description\">Potwierd\u017a has\u0142o<\/div>\r\n    \r\n<\/div>\n<div id=\"frm_field_3643_container\" class=\"frm_form_field form-field  frm_required_field frm_top_container frm_first frm_half\">\r\n    <label for=\"field_qulq132\" class=\"frm_primary_label\">Adres e-mail\r\n        <span class=\"frm_required\">*<\/span>\r\n    <\/label>\r\n    <input type=\"email\" id=\"field_qulq132\" name=\"item_meta[3643]\" value=\"\"  data-reqmsg=\"To pole nie mo\u017ce by\u0107 puste.\" aria-required=\"true\" data-invmsg=\"Adres email jest nieprawid\u0142owy\" aria-invalid=\"false\"   aria-describedby=\"frm_desc_field_qulq132\"\/>\r\n    <div id=\"frm_desc_field_qulq132\" class=\"frm_description\">Wpisz tutaj sw\u00f3j e-mail<\/div>\r\n    \r\n<\/div>\n<div id=\"frm_field_conf_3643_container\" class=\"frm_form_field frm_hidden_container frm_conf_field form-field  frm_required_field frm_top_container  frm_half\">\r\n    <label for=\"field_conf_qulq132\" class=\"frm_conf_label frm_primary_label\">Potwierd\u017a Adres e-mail\r\n        <span class=\"frm_required\">*<\/span>\r\n    <\/label>\r\n    <input type=\"email\" id=\"field_conf_qulq132\" name=\"item_meta[conf_3643]\" value=\"\"  data-reqmsg=\"To pole nie mo\u017ce by\u0107 puste.\" aria-required=\"true\" data-confmsg=\"Wprowadzone warto\u015bci nie pasuj\u0105\" data-invmsg=\"Adres email jest nieprawid\u0142owy\" aria-invalid=\"false\"   aria-describedby=\"frm_desc_field_conf_qulq132\"\/>\r\n    <div id=\"frm_desc_field_conf_qulq132\" class=\"frm_description\">Potwierd\u017a email<\/div>\r\n    \r\n<\/div>\n<div id=\"frm_field_3665_container\" class=\"frm_form_field frm_section_heading form-field \">\r\n<h3 class=\"frm_pos_top\">Dla student\u00f3w i edukator\u00f3w<\/h3>\r\n<div id=\"frm_desc_field_el3ph\" class=\"frm_description frm_section_spacing\">Je\u015bli u\u017cywasz naszego narz\u0119dzia jako \u0107wiczenia podczas zaj\u0119\u0107, prosimy o podanie adresu e-mail nauczyciela, aby mo\u017cna by\u0142o podzieli\u0107 si\u0119 z nim wynikami.<\/div>\r\n\r\n<\/div>\n<div id=\"frm_field_3644_container\" class=\"frm_form_field form-field  frm_top_container frm_first frm_half\">\r\n    <label for=\"field_8ylam2\" class=\"frm_primary_label\">Adres e-mail nauczyciela\r\n        <span class=\"frm_required\"><\/span>\r\n    <\/label>\r\n    <input type=\"email\" id=\"field_8ylam2\" name=\"item_meta[3644]\" value=\"\"  data-invmsg=\"Adres email jest nieprawid\u0142owy\" aria-invalid=\"false\"   aria-describedby=\"frm_desc_field_8ylam2\"\/>\r\n    <div id=\"frm_desc_field_8ylam2\" class=\"frm_description\">Wpisz tutaj adres e-mail nauczyciela<\/div>\r\n    \r\n<\/div>\n<div id=\"frm_field_conf_3644_container\" class=\"frm_form_field frm_hidden_container frm_conf_field form-field  frm_top_container  frm_half\">\r\n    <label for=\"field_conf_8ylam2\" class=\"frm_conf_label frm_primary_label\">Potwierd\u017a Adres e-mail nauczyciela\r\n        <span class=\"frm_required\"><\/span>\r\n    <\/label>\r\n    <input type=\"email\" id=\"field_conf_8ylam2\" name=\"item_meta[conf_3644]\" value=\"\"  data-confmsg=\"Wprowadzone warto\u015bci nie pasuj\u0105\" data-invmsg=\"Adres email jest nieprawid\u0142owy\" aria-invalid=\"false\"   aria-describedby=\"frm_desc_field_conf_8ylam2\"\/>\r\n    <div id=\"frm_desc_field_conf_8ylam2\" class=\"frm_description\">Potwierd\u017a email<\/div>\r\n    \r\n<\/div>\n<input type=\"hidden\" name=\"item_meta[3646]\" id=\"field_zah2u42\" value=\"\" data-frmval=\"\"\/>\n\t<input type=\"hidden\" name=\"item_key\" value=\"\" \/>\n\t\t\t<div id=\"frm_field_3674_container\">\n\t\t\t<label for=\"field_q218u\" >\n\t\t\t\tJe\u017celi jeste\u015b cz\u0142owiekiem, zostaw to pole puste.\t\t\t<\/label>\n\t\t\t<input  id=\"field_q218u\" type=\"text\" class=\"frm_form_field form-field frm_verify\" name=\"item_meta[3674]\" value=\"\"  \/>\n\t\t<\/div>\n\t\t<input type=\"hidden\" name=\"frm_register[email]\" value=\"3643\"\/><input type=\"hidden\" name=\"frm_register[username]\" value=\"3642\"\/><input type=\"hidden\" name=\"frm_register[password]\" value=\"3645\"\/><input type=\"hidden\" name=\"frm_register[subsite_title]\" value=\"username\"\/><input type=\"hidden\" name=\"frm_register[subsite_domain]\" value=\"blog_title\"\/><input name=\"frm_state\" type=\"hidden\" value=\"4QqAPiArZzLHIT8BxFFGVergvI3cpCFf4g17zAw9760=\" \/><div class=\"frm_submit\">\r\n\r\n<button class=\"frm_button_submit frm_final_submit\" type=\"submit\"   formnovalidate=\"formnovalidate\">Zarejestruj<\/button>\r\n\r\n<\/div><\/div>\n<\/fieldset>\n<\/div>\n\n<p style=\"display: none !important;\" class=\"akismet-fields-container\" data-prefix=\"ak_\"><label>&#916;<textarea name=\"ak_hp_textarea\" cols=\"45\" rows=\"8\" maxlength=\"100\"><\/textarea><\/label><input type=\"hidden\" id=\"ak_js_1\" name=\"ak_js\" value=\"0\"\/><script>document.getElementById( \"ak_js_1\" ).setAttribute( \"value\", ( new Date() ).getTime() );<\/script><\/p><\/form>\n<\/div>\n<\/p>\t\t\t\t\t\t\t\t<\/div>\n\t\t\t\t<\/div>\n\t\t\t\t\t<\/div>\n\t\t<\/div>\n\t\t\t\t\t<\/div>\n\t\t<\/section>\n\t\t\t\t<\/div>\n\t\t","protected":false},"excerpt":{"rendered":"","protected":false},"author":1,"featured_media":0,"parent":0,"menu_order":0,"comment_status":"closed","ping_status":"closed","template":"elementor_header_footer","meta":{"site-sidebar-layout":"default","site-content-layout":"","ast-site-content-layout":"default","site-content-style":"default","site-sidebar-style":"default","ast-global-header-display":"","ast-banner-title-visibility":"","ast-main-header-display":"","ast-hfb-above-header-display":"","ast-hfb-below-header-display":"","ast-hfb-mobile-header-display":"","site-post-title":"","ast-breadcrumbs-content":"","ast-featured-img":"","footer-sml-layout":"","ast-disable-related-posts":"","theme-transparent-header-meta":"","adv-header-id-meta":"","stick-header-meta":"","header-above-stick-meta":"","header-main-stick-meta":"","header-below-stick-meta":"","astra-migrate-meta-layouts":"default","ast-page-background-enabled":"default","ast-page-background-meta":{"desktop":{"background-color":"","background-image":"","background-repeat":"repeat","background-position":"center center","background-size":"auto","background-attachment":"scroll","background-type":"","background-media":"","overlay-type":"","overlay-color":"","overlay-opacity":"","overlay-gradient":""},"tablet":{"background-color":"","background-image":"","background-repeat":"repeat","background-position":"center center","background-size":"auto","background-attachment":"scroll","background-type":"","background-media":"","overlay-type":"","overlay-color":"","overlay-opacity":"","overlay-gradient":""},"mobile":{"background-color":"","background-image":"","background-repeat":"repeat","background-position":"center center","background-size":"auto","background-attachment":"scroll","background-type":"","background-media":"","overlay-type":"","overlay-color":"","overlay-opacity":"","overlay-gradient":""}},"ast-content-background-meta":{"desktop":{"background-color":"var(--ast-global-color-5)","background-image":"","background-repeat":"repeat","background-position":"center center","background-size":"auto","background-attachment":"scroll","background-type":"","background-media":"","overlay-type":"","overlay-color":"","overlay-opacity":"","overlay-gradient":""},"tablet":{"background-color":"var(--ast-global-color-5)","background-image":"","background-repeat":"repeat","background-position":"center center","background-size":"auto","background-attachment":"scroll","background-type":"","background-media":"","overlay-type":"","overlay-color":"","overlay-opacity":"","overlay-gradient":""},"mobile":{"background-color":"var(--ast-global-color-5)","background-image":"","background-repeat":"repeat","background-position":"center center","background-size":"auto","background-attachment":"scroll","background-type":"","background-media":"","overlay-type":"","overlay-color":"","overlay-opacity":"","overlay-gradient":""}},"footnotes":""},"class_list":["post-3708","page","type-page","status-publish","hentry"],"_links":{"self":[{"href":"https:\/\/impactonyouth.eu\/pl\/wp-json\/wp\/v2\/pages\/3708","targetHints":{"allow":["GET"]}}],"collection":[{"href":"https:\/\/impactonyouth.eu\/pl\/wp-json\/wp\/v2\/pages"}],"about":[{"href":"https:\/\/impactonyouth.eu\/pl\/wp-json\/wp\/v2\/types\/page"}],"author":[{"embeddable":true,"href":"https:\/\/impactonyouth.eu\/pl\/wp-json\/wp\/v2\/users\/1"}],"replies":[{"embeddable":true,"href":"https:\/\/impactonyouth.eu\/pl\/wp-json\/wp\/v2\/comments?post=3708"}],"version-history":[{"count":10,"href":"https:\/\/impactonyouth.eu\/pl\/wp-json\/wp\/v2\/pages\/3708\/revisions"}],"predecessor-version":[{"id":4397,"href":"https:\/\/impactonyouth.eu\/pl\/wp-json\/wp\/v2\/pages\/3708\/revisions\/4397"}],"wp:attachment":[{"href":"https:\/\/impactonyouth.eu\/pl\/wp-json\/wp\/v2\/media?parent=3708"}],"curies":[{"name":"wp","href":"https:\/\/api.w.org\/{rel}","templated":true}]}}