{"id":3728,"date":"2022-09-14T13:41:37","date_gmt":"2022-09-14T13:41:37","guid":{"rendered":"https:\/\/impactonyouth.eu\/user-register\/"},"modified":"2022-11-25T09:59:49","modified_gmt":"2022-11-25T09:59:49","slug":"registro-de-usuario","status":"publish","type":"page","link":"https:\/\/impactonyouth.eu\/es\/registro-de-usuario\/","title":{"rendered":"Registro de usuario"},"content":{"rendered":"\t\t<div data-elementor-type=\"wp-page\" data-elementor-id=\"3728\" class=\"elementor elementor-3728 elementor-1054\" data-elementor-post-type=\"page\">\n\t\t\t\t\t\t<section class=\"elementor-section elementor-top-section elementor-element elementor-element-65b0ad27 elementor-section-boxed elementor-section-height-default elementor-section-height-default\" data-id=\"65b0ad27\" data-element_type=\"section\" data-e-type=\"section\">\n\t\t\t\t\t\t<div class=\"elementor-container elementor-column-gap-default\">\n\t\t\t\t\t<div class=\"elementor-column elementor-col-100 elementor-top-column elementor-element elementor-element-452b5c8b\" data-id=\"452b5c8b\" data-element_type=\"column\" data-e-type=\"column\">\n\t\t\t<div class=\"elementor-widget-wrap elementor-element-populated\">\n\t\t\t\t\t\t<div class=\"elementor-element elementor-element-6b17c8bc elementor-widget elementor-widget-text-editor\" data-id=\"6b17c8bc\" data-element_type=\"widget\" data-e-type=\"widget\" data-widget_type=\"text-editor.default\">\n\t\t\t\t<div class=\"elementor-widget-container\">\n\t\t\t\t\t\t\t\t\t<p><div class=\"frm_forms  with_frm_style frm_style_formidable-style\" id=\"frm_form_87_container\" data-token=\"dc1e28a924c903a4c58179ef41484edc\">\n<form enctype=\"multipart\/form-data\" method=\"post\" class=\"frm-show-form  frm_pro_form \" id=\"form_user-registration24\" data-token=\"dc1e28a924c903a4c58179ef41484edc\">\n<div class=\"frm_form_fields \">\n<fieldset>\n<legend class=\"frm_hidden\">ES User Registration<\/legend>\r\n\r\n<div class=\"frm_fields_container\">\n<input type=\"hidden\" name=\"frm_action\" value=\"create\" \/>\n<input type=\"hidden\" name=\"form_id\" value=\"87\" \/>\n<input type=\"hidden\" name=\"frm_hide_fields_87\" id=\"frm_hide_fields_87\" value=\"\" \/>\n<input type=\"hidden\" name=\"form_key\" value=\"user-registration24\" \/>\n<input type=\"hidden\" name=\"item_meta[0]\" value=\"\" \/>\n<input type=\"hidden\" id=\"frm_submit_entry_87\" name=\"frm_submit_entry_87\" value=\"1d36a9cad5\" \/><input type=\"hidden\" name=\"_wp_http_referer\" value=\"\/es\/wp-json\/wp\/v2\/pages\/3728\" \/><div id=\"frm_field_3671_container\" class=\"frm_form_field  frm_html_container form-field\">\n<div>\n<p>Le damos la bienvenida al sencillo proceso de registro para acceder a nuestras 15 autoevaluaciones empresariales en l\u00ednea GRATUITAS IMPACT for YOUTH. Empecemos, \u00a1los pasos son f\u00e1ciles!<\/p>\n<p>Comparte tu correo electr\u00f3nico, crea un nombre de usuario y una contrase\u00f1a, y ya est\u00e1s listo para empezar. Te enviaremos los resultados de tu evaluaci\u00f3n por correo electr\u00f3nico.<\/p>\n<p><strong>Aseg\u00farese de revisar la secci\u00f3n de elementos no deseados de su correo electr\u00f3nico (por si acaso) y a\u00f1\u00e1denos a su lista de remitentes seguros.<\/strong><\/p>\n<p>*Si est\u00e1 completando la Evaluaci\u00f3n a trav\u00e9s de un profesor, comparta su correo electr\u00f3nico a continuaci\u00f3n y ellos tambi\u00e9n recibir\u00e1n sus resultados.<\/p>\n<p><em>Dise\u00f1ado para j\u00f3venes y aspirantes a empresarios<\/em><\/p>\n<\/div>\n<\/div>\n<div id=\"frm_field_3654_container\" class=\"frm_form_field form-field  frm_required_field frm_top_container frm_first frm_half frm_capitalize\">\r\n    <label for=\"field_o69jd44\" class=\"frm_primary_label\">Primer nombre\r\n        <span class=\"frm_required\">*<\/span>\r\n    <\/label>\r\n    <input type=\"text\" id=\"field_o69jd44\" name=\"item_meta[3654]\" value=\"\"  data-reqmsg=\"Este campo no puede estar vac\u00edo.\" aria-required=\"true\" data-invmsg=\"Name is invalid\" aria-invalid=\"false\"  \/>\r\n    \r\n    \r\n<\/div>\n<div id=\"frm_field_3655_container\" class=\"frm_form_field form-field  frm_required_field frm_top_container frm_half frm_capitalize\">\r\n    <label for=\"field_l3dkc5\" class=\"frm_primary_label\">Apellido\r\n        <span class=\"frm_required\">*<\/span>\r\n    <\/label>\r\n    <input type=\"text\" id=\"field_l3dkc5\" name=\"item_meta[3655]\" value=\"\"  data-reqmsg=\"Este campo no puede estar vac\u00edo.\" aria-required=\"true\" data-invmsg=\"Last Name is invalid\" aria-invalid=\"false\"  \/>\r\n    \r\n    \r\n<\/div>\n<div id=\"frm_field_3656_container\" class=\"frm_form_field form-field  frm_required_field frm_top_container frm_first frm_full\">\r\n    <label for=\"field_xyrs934\" class=\"frm_primary_label\">Nombre de usuario\r\n        <span class=\"frm_required\">*<\/span>\r\n    <\/label>\r\n    <input type=\"text\" id=\"field_xyrs934\" name=\"item_meta[3656]\" value=\"\"  maxlength=\"24\" data-reqmsg=\"Este campo no puede estar vac\u00edo.\" aria-required=\"true\" data-invmsg=\"Nombre de usuario invalido\" aria-invalid=\"false\" pattern=\"([a-zA-Z0-9]{8,24})$\"   aria-describedby=\"frm_desc_field_xyrs934\"\/>\r\n    <div id=\"frm_desc_field_xyrs934\" class=\"frm_description\">Solo se permiten letras min\u00fasculas (a-z) y n\u00fameros (0-9).<\/div>\r\n    \r\n<\/div>\n<div id=\"frm_field_3659_container\" class=\"frm_form_field form-field  frm_required_field frm_top_container frm_first frm_half\">\r\n    <label for=\"field_1abwj34\" class=\"frm_primary_label\">Clave\r\n        <span class=\"frm_required\">*<\/span>\r\n    <\/label>\r\n    <input type=\"password\" id=\"field_1abwj34\" name=\"item_meta[3659]\" value=\"\"  data-reqmsg=\"Este campo no puede estar vac\u00edo.\" aria-required=\"true\" data-invmsg=\"La contrase\u00f1a no es v\u00e1lida\" aria-invalid=\"false\"   aria-describedby=\"frm_desc_field_1abwj34\"\/>\r\n    <div id=\"frm_desc_field_1abwj34\" class=\"frm_description\">Introducir la contrase\u00f1a<\/div>\r\n    \r\n<\/div>\n<div id=\"frm_field_conf_3659_container\" class=\"frm_form_field frm_hidden_container frm_conf_field form-field  frm_required_field frm_top_container  frm_half\">\r\n    <label for=\"field_conf_1abwj34\" class=\"frm_conf_label frm_primary_label\">Confirmar Clave\r\n        <span class=\"frm_required\">*<\/span>\r\n    <\/label>\r\n    <input type=\"password\" id=\"field_conf_1abwj34\" name=\"item_meta[conf_3659]\" value=\"\"  data-reqmsg=\"Este campo no puede estar vac\u00edo.\" aria-required=\"true\" data-confmsg=\"Los valores ingresados no coinciden\" data-invmsg=\"La contrase\u00f1a no es v\u00e1lida\" aria-invalid=\"false\"   aria-describedby=\"frm_desc_field_conf_1abwj34\"\/>\r\n    <div id=\"frm_desc_field_conf_1abwj34\" class=\"frm_description\">Confirmar contrase\u00f1a<\/div>\r\n    \r\n<\/div>\n<div id=\"frm_field_3657_container\" class=\"frm_form_field form-field  frm_required_field frm_top_container frm_first frm_half\">\r\n    <label for=\"field_qulq134\" class=\"frm_primary_label\">Direcci\u00f3n de correo electr\u00f3nico\r\n        <span class=\"frm_required\">*<\/span>\r\n    <\/label>\r\n    <input type=\"email\" id=\"field_qulq134\" name=\"item_meta[3657]\" value=\"\"  data-reqmsg=\"Este campo no puede estar vac\u00edo.\" aria-required=\"true\" data-invmsg=\"Direcci\u00f3n de correo electr\u00f3nico es inv\u00e1lida\" aria-invalid=\"false\"   aria-describedby=\"frm_desc_field_qulq134\"\/>\r\n    <div id=\"frm_desc_field_qulq134\" class=\"frm_description\">Introduzca su correo electr\u00f3nico aqu\u00ed<\/div>\r\n    \r\n<\/div>\n<div id=\"frm_field_conf_3657_container\" class=\"frm_form_field frm_hidden_container frm_conf_field form-field  frm_required_field frm_top_container  frm_half\">\r\n    <label for=\"field_conf_qulq134\" class=\"frm_conf_label frm_primary_label\">Confirmar Direcci\u00f3n de correo electr\u00f3nico\r\n        <span class=\"frm_required\">*<\/span>\r\n    <\/label>\r\n    <input type=\"email\" id=\"field_conf_qulq134\" name=\"item_meta[conf_3657]\" value=\"\"  data-reqmsg=\"Este campo no puede estar vac\u00edo.\" aria-required=\"true\" data-confmsg=\"Los valores ingresados no coinciden\" data-invmsg=\"Direcci\u00f3n de correo electr\u00f3nico es inv\u00e1lida\" aria-invalid=\"false\"   aria-describedby=\"frm_desc_field_conf_qulq134\"\/>\r\n    <div id=\"frm_desc_field_conf_qulq134\" class=\"frm_description\">Confirmar correo electr\u00f3nico<\/div>\r\n    \r\n<\/div>\n<div id=\"frm_field_3663_container\" class=\"frm_form_field frm_section_heading form-field \">\r\n<h3 class=\"frm_pos_top\">Para estudiantes y educadores<\/h3>\r\n<div id=\"frm_desc_field_jfdoo\" class=\"frm_description frm_section_spacing\">Si utilizas la Herramienta como parte de un ejercicio en clase, por favor comparte la direcci\u00f3n de correo electr\u00f3nico de tu profesor para poder compartir los resultados con \u00e9l.<\/div>\r\n\r\n<\/div>\n<div id=\"frm_field_3658_container\" class=\"frm_form_field form-field  frm_top_container frm_first frm_half\">\r\n    <label for=\"field_8ylam4\" class=\"frm_primary_label\">Direcci\u00f3n de correo electr\u00f3nico del maestro\r\n        <span class=\"frm_required\"><\/span>\r\n    <\/label>\r\n    <input type=\"email\" id=\"field_8ylam4\" name=\"item_meta[3658]\" value=\"\"  data-invmsg=\"Este campo no puede estar vac\u00edo.\" aria-invalid=\"false\"   aria-describedby=\"frm_desc_field_8ylam4\"\/>\r\n    <div id=\"frm_desc_field_8ylam4\" class=\"frm_description\">Ingrese el correo electr\u00f3nico de su maestro aqu\u00ed<\/div>\r\n    \r\n<\/div>\n<div id=\"frm_field_conf_3658_container\" class=\"frm_form_field frm_hidden_container frm_conf_field form-field  frm_top_container  frm_half\">\r\n    <label for=\"field_conf_8ylam4\" class=\"frm_conf_label frm_primary_label\">Confirmar Direcci\u00f3n de correo electr\u00f3nico del maestro\r\n        <span class=\"frm_required\"><\/span>\r\n    <\/label>\r\n    <input type=\"email\" id=\"field_conf_8ylam4\" name=\"item_meta[conf_3658]\" value=\"\"  data-confmsg=\"Los valores ingresados no coinciden\" data-invmsg=\"Este campo no puede estar vac\u00edo.\" aria-invalid=\"false\"   aria-describedby=\"frm_desc_field_conf_8ylam4\"\/>\r\n    <div id=\"frm_desc_field_conf_8ylam4\" class=\"frm_description\">Confirmar correo electr\u00f3nico<\/div>\r\n    \r\n<\/div>\n<input type=\"hidden\" name=\"item_meta[3660]\" id=\"field_zah2u44\" value=\"\" data-frmval=\"\"\/>\n\t<input type=\"hidden\" name=\"item_key\" value=\"\" \/>\n\t\t\t<div id=\"frm_field_3674_container\">\n\t\t\t<label for=\"field_o958l\" >\n\t\t\t\tSi eres humano, deja este campo en blanco.\t\t\t<\/label>\n\t\t\t<input  id=\"field_o958l\" type=\"text\" class=\"frm_form_field form-field frm_verify\" name=\"item_meta[3674]\" value=\"\"  \/>\n\t\t<\/div>\n\t\t<input type=\"hidden\" name=\"frm_register[email]\" value=\"3657\"\/><input type=\"hidden\" name=\"frm_register[username]\" value=\"3656\"\/><input type=\"hidden\" name=\"frm_register[password]\" value=\"3659\"\/><input type=\"hidden\" name=\"frm_register[subsite_title]\" value=\"username\"\/><input type=\"hidden\" name=\"frm_register[subsite_domain]\" value=\"blog_title\"\/><input name=\"frm_state\" type=\"hidden\" value=\"4QqAPiArZzLHIT8BxFFGVergvI3cpCFf4g17zAw9760=\" \/><div class=\"frm_submit\">\r\n\r\n<button class=\"frm_button_submit frm_final_submit\" type=\"submit\"   formnovalidate=\"formnovalidate\">Registro<\/button>\r\n\r\n<\/div><\/div>\n<\/fieldset>\n<\/div>\n\n<p style=\"display: none !important;\" class=\"akismet-fields-container\" data-prefix=\"ak_\"><label>&#916;<textarea name=\"ak_hp_textarea\" cols=\"45\" rows=\"8\" maxlength=\"100\"><\/textarea><\/label><input type=\"hidden\" id=\"ak_js_1\" name=\"ak_js\" value=\"65\"\/><script>\ndocument.getElementById( \"ak_js_1\" ).setAttribute( \"value\", ( new Date() ).getTime() );\n<\/script>\n<\/p><\/form>\n<\/div>\n<\/p>\t\t\t\t\t\t\t\t<\/div>\n\t\t\t\t<\/div>\n\t\t\t\t\t<\/div>\n\t\t<\/div>\n\t\t\t\t\t<\/div>\n\t\t<\/section>\n\t\t\t\t<\/div>\n\t\t","protected":false},"excerpt":{"rendered":"","protected":false},"author":1,"featured_media":0,"parent":0,"menu_order":0,"comment_status":"closed","ping_status":"closed","template":"elementor_header_footer","meta":{"site-sidebar-layout":"default","site-content-layout":"","ast-site-content-layout":"default","site-content-style":"default","site-sidebar-style":"default","ast-global-header-display":"","ast-banner-title-visibility":"","ast-main-header-display":"","ast-hfb-above-header-display":"","ast-hfb-below-header-display":"","ast-hfb-mobile-header-display":"","site-post-title":"","ast-breadcrumbs-content":"","ast-featured-img":"","footer-sml-layout":"","ast-disable-related-posts":"","theme-transparent-header-meta":"","adv-header-id-meta":"","stick-header-meta":"","header-above-stick-meta":"","header-main-stick-meta":"","header-below-stick-meta":"","astra-migrate-meta-layouts":"default","ast-page-background-enabled":"default","ast-page-background-meta":{"desktop":{"background-color":"","background-image":"","background-repeat":"repeat","background-position":"center center","background-size":"auto","background-attachment":"scroll","background-type":"","background-media":"","overlay-type":"","overlay-color":"","overlay-opacity":"","overlay-gradient":""},"tablet":{"background-color":"","background-image":"","background-repeat":"repeat","background-position":"center center","background-size":"auto","background-attachment":"scroll","background-type":"","background-media":"","overlay-type":"","overlay-color":"","overlay-opacity":"","overlay-gradient":""},"mobile":{"background-color":"","background-image":"","background-repeat":"repeat","background-position":"center center","background-size":"auto","background-attachment":"scroll","background-type":"","background-media":"","overlay-type":"","overlay-color":"","overlay-opacity":"","overlay-gradient":""}},"ast-content-background-meta":{"desktop":{"background-color":"var(--ast-global-color-5)","background-image":"","background-repeat":"repeat","background-position":"center center","background-size":"auto","background-attachment":"scroll","background-type":"","background-media":"","overlay-type":"","overlay-color":"","overlay-opacity":"","overlay-gradient":""},"tablet":{"background-color":"var(--ast-global-color-5)","background-image":"","background-repeat":"repeat","background-position":"center center","background-size":"auto","background-attachment":"scroll","background-type":"","background-media":"","overlay-type":"","overlay-color":"","overlay-opacity":"","overlay-gradient":""},"mobile":{"background-color":"var(--ast-global-color-5)","background-image":"","background-repeat":"repeat","background-position":"center center","background-size":"auto","background-attachment":"scroll","background-type":"","background-media":"","overlay-type":"","overlay-color":"","overlay-opacity":"","overlay-gradient":""}},"footnotes":""},"class_list":["post-3728","page","type-page","status-publish","hentry"],"_links":{"self":[{"href":"https:\/\/impactonyouth.eu\/es\/wp-json\/wp\/v2\/pages\/3728","targetHints":{"allow":["GET"]}}],"collection":[{"href":"https:\/\/impactonyouth.eu\/es\/wp-json\/wp\/v2\/pages"}],"about":[{"href":"https:\/\/impactonyouth.eu\/es\/wp-json\/wp\/v2\/types\/page"}],"author":[{"embeddable":true,"href":"https:\/\/impactonyouth.eu\/es\/wp-json\/wp\/v2\/users\/1"}],"replies":[{"embeddable":true,"href":"https:\/\/impactonyouth.eu\/es\/wp-json\/wp\/v2\/comments?post=3728"}],"version-history":[{"count":7,"href":"https:\/\/impactonyouth.eu\/es\/wp-json\/wp\/v2\/pages\/3728\/revisions"}],"predecessor-version":[{"id":4330,"href":"https:\/\/impactonyouth.eu\/es\/wp-json\/wp\/v2\/pages\/3728\/revisions\/4330"}],"wp:attachment":[{"href":"https:\/\/impactonyouth.eu\/es\/wp-json\/wp\/v2\/media?parent=3728"}],"curies":[{"name":"wp","href":"https:\/\/api.w.org\/{rel}","templated":true}]}}